{"id":10774,"date":"2024-06-28T13:22:52","date_gmt":"2024-06-28T13:22:52","guid":{"rendered":"https:\/\/www.inan.gov.py\/site\/?page_id=10774"},"modified":"2024-06-28T13:55:16","modified_gmt":"2024-06-28T13:55:16","slug":"mecip","status":"publish","type":"page","link":"https:\/\/www.inan.gov.py\/site\/?page_id=10774","title":{"rendered":"MECIP"},"content":{"rendered":"<ul>\n<li><a href=\"https:\/\/drive.google.com\/file\/d\/1L0hMaci8M1DkRMTa709xgzzkpccRg2nq\/view?usp=sharing\">Parte 1 Marco Conceptual. Manual Norma de Requisitos M\u00ednimos para Sistemas de Control Interno<\/a><\/li>\n<li><a href=\"https:\/\/drive.google.com\/file\/d\/1pKWj80zXZ4F-ZhvN-99kGHEWz-YN8FPV\/view?usp=sharing\">Parte II Manual de Implementaci\u00f3n. Manual Norma de Requisitos M\u00ednimos para Sistemas de Control Interno<\/a><\/li>\n<li><a href=\"https:\/\/drive.google.com\/file\/d\/187302GNu8RG4ACtlyYI98Mi0a_iqrile\/view?usp=sharing\">Modelo Est\u00e1ndar de Control Interno para Instituciones P\u00fablicas del Paraguay<\/a><\/li>\n<li><a href=\"https:\/\/drive.google.com\/file\/d\/1LaMebJJfTkJF-ouUWLaYf5hBeJwqLrTH\/view?usp=sharing\">Gu\u00eda 43 &#8211; Diagn\u00f3stico &#8211; Comunicaci\u00f3n Institucional<\/a><\/li>\n<li><a href=\"https:\/\/drive.google.com\/file\/d\/1_Xv7D8u28xzKvW3FvsEDJud4PZsIU_qb\/view?usp=sharing\">Norma de Requisitos M\u00ednimos para Sistemas de Control Interno<\/a><\/li>\n<\/ul>\n","protected":false},"excerpt":{"rendered":"<p>Parte 1 Marco Conceptual. Manual Norma de Requisitos M\u00ednimos para Sistemas de Control Interno Parte II Manual de Implementaci\u00f3n. Manual Norma de Requisitos M\u00ednimos para Sistemas de Control Interno Modelo Est\u00e1ndar de Control Interno para Instituciones P\u00fablicas del Paraguay Gu\u00eda 43 &#8211; Diagn\u00f3stico &#8211; Comunicaci\u00f3n Institucional Norma de Requisitos M\u00ednimos para Sistemas de Control Interno<\/p>\n","protected":false},"author":2,"featured_media":0,"parent":0,"menu_order":0,"comment_status":"closed","ping_status":"closed","template":"","meta":{"footnotes":""},"class_list":["post-10774","page","type-page","status-publish","hentry","nodate","item-wrap"],"_links":{"self":[{"href":"https:\/\/www.inan.gov.py\/site\/index.php?rest_route=\/wp\/v2\/pages\/10774","targetHints":{"allow":["GET"]}}],"collection":[{"href":"https:\/\/www.inan.gov.py\/site\/index.php?rest_route=\/wp\/v2\/pages"}],"about":[{"href":"https:\/\/www.inan.gov.py\/site\/index.php?rest_route=\/wp\/v2\/types\/page"}],"author":[{"embeddable":true,"href":"https:\/\/www.inan.gov.py\/site\/index.php?rest_route=\/wp\/v2\/users\/2"}],"replies":[{"embeddable":true,"href":"https:\/\/www.inan.gov.py\/site\/index.php?rest_route=%2Fwp%2Fv2%2Fcomments&post=10774"}],"version-history":[{"count":11,"href":"https:\/\/www.inan.gov.py\/site\/index.php?rest_route=\/wp\/v2\/pages\/10774\/revisions"}],"predecessor-version":[{"id":10776,"href":"https:\/\/www.inan.gov.py\/site\/index.php?rest_route=\/wp\/v2\/pages\/10774\/revisions\/10776"}],"wp:attachment":[{"href":"https:\/\/www.inan.gov.py\/site\/index.php?rest_route=%2Fwp%2Fv2%2Fmedia&parent=10774"}],"curies":[{"name":"wp","href":"https:\/\/api.w.org\/{rel}","templated":true}]}}