{"id":12122,"date":"2025-04-28T14:50:22","date_gmt":"2025-04-28T14:50:22","guid":{"rendered":"https:\/\/www.inan.gov.py\/site\/?page_id=12122"},"modified":"2025-10-31T10:13:34","modified_gmt":"2025-10-31T13:13:34","slug":"servicios-de-alimentacion-y-soporte-nutricional","status":"publish","type":"page","link":"https:\/\/www.inan.gov.py\/site\/?page_id=12122","title":{"rendered":"Servicios de Alimentaci\u00f3n y Soporte Nutricional"},"content":{"rendered":"<p><strong>Normativa<\/strong><\/p>\n<ul>\n<li><a href=\"https:\/\/drive.google.com\/file\/d\/1qXF6KAcHb9x9HXzRpF49CR3lTW47_dIa\/view?usp=sharing\"><strong>Resoluci\u00f3n S.G. N\u00ba 155\/2025.<\/strong> Por la cual se dispone la implementaci\u00f3n obligatoria de la Gu\u00eda B\u00e1sica para Servicios de Alimentaci\u00f3n aprobada por Resoluci\u00f3n S.G. N\u00ba 918, de fecha 29 de octubre de 2021 y se designa al Instituto Nacional de Alimentaci\u00f3n y Nutrici\u00f3n (INAN) como responsable de promover y supervisar su cumplimiento.<\/a><\/li>\n<\/ul>\n<p>&nbsp;<\/p>\n<p><strong>Documentos<\/strong><\/p>\n<ul>\n<li><a href=\"https:\/\/drive.google.com\/file\/d\/1SVfmoPLxcp4m0rMuYSfCgUKvosIK7nv_\/view?usp=sharing\"><strong>Gu\u00eda B\u00e1sica para Servicios de Alimentaci\u00f3n.\u00a0<\/strong><\/a><\/li>\n<li><strong><a href=\"https:\/\/drive.google.com\/file\/d\/1XlrNxEjof9va_-Z5W9v-54s2_mssSAby\/view?usp=sharing\">Material \u00abComo descongelar alimentos de forma segura\u00bb<\/a><\/strong><\/li>\n<\/ul>\n","protected":false},"excerpt":{"rendered":"<p>Normativa Resoluci\u00f3n S.G. N\u00ba 155\/2025. Por la cual se dispone la implementaci\u00f3n obligatoria de la Gu\u00eda B\u00e1sica para Servicios de Alimentaci\u00f3n aprobada por Resoluci\u00f3n S.G. N\u00ba 918, de fecha 29 de octubre de 2021 y se designa al Instituto Nacional de Alimentaci\u00f3n y Nutrici\u00f3n (INAN) como responsable de promover y supervisar su cumplimiento. &nbsp; Documentos &hellip; <\/p>\n<p><a class=\"more-link btn\" href=\"https:\/\/www.inan.gov.py\/site\/?page_id=12122\">Seguir leyendo<\/a><\/p>\n","protected":false},"author":2,"featured_media":0,"parent":0,"menu_order":0,"comment_status":"closed","ping_status":"closed","template":"","meta":{"footnotes":""},"class_list":["post-12122","page","type-page","status-publish","hentry","nodate","item-wrap"],"_links":{"self":[{"href":"https:\/\/www.inan.gov.py\/site\/index.php?rest_route=\/wp\/v2\/pages\/12122","targetHints":{"allow":["GET"]}}],"collection":[{"href":"https:\/\/www.inan.gov.py\/site\/index.php?rest_route=\/wp\/v2\/pages"}],"about":[{"href":"https:\/\/www.inan.gov.py\/site\/index.php?rest_route=\/wp\/v2\/types\/page"}],"author":[{"embeddable":true,"href":"https:\/\/www.inan.gov.py\/site\/index.php?rest_route=\/wp\/v2\/users\/2"}],"replies":[{"embeddable":true,"href":"https:\/\/www.inan.gov.py\/site\/index.php?rest_route=%2Fwp%2Fv2%2Fcomments&post=12122"}],"version-history":[{"count":7,"href":"https:\/\/www.inan.gov.py\/site\/index.php?rest_route=\/wp\/v2\/pages\/12122\/revisions"}],"predecessor-version":[{"id":12798,"href":"https:\/\/www.inan.gov.py\/site\/index.php?rest_route=\/wp\/v2\/pages\/12122\/revisions\/12798"}],"wp:attachment":[{"href":"https:\/\/www.inan.gov.py\/site\/index.php?rest_route=%2Fwp%2Fv2%2Fmedia&parent=12122"}],"curies":[{"name":"wp","href":"https:\/\/api.w.org\/{rel}","templated":true}]}}