{"id":183,"date":"2016-06-02T18:15:18","date_gmt":"2016-06-02T18:15:18","guid":{"rendered":"http:\/\/www.inan.gov.py\/site\/?page_id=183"},"modified":"2024-07-15T16:45:17","modified_gmt":"2024-07-15T16:45:17","slug":"formularios-para-tramites-rspa","status":"publish","type":"page","link":"https:\/\/www.inan.gov.py\/site\/?page_id=183","title":{"rendered":"Formularios para Tr\u00e1mites RSPA"},"content":{"rendered":"<h5><strong>Formularios Tr\u00e1mites RSPA<\/strong><\/h5>\n<ul>\n<li><a href=\"https:\/\/docs.google.com\/document\/d\/1zFHGH-F-sKqJX-VgBxH1PSKgR-HR6x2M\/edit?usp=sharing&amp;ouid=111072185883238892313&amp;rtpof=true&amp;sd=true\">Solicitud para Autorizaci\u00f3n de Productos Alimentarios No Comercializables por Categor\u00edas de Productos.<\/a><\/li>\n<li><a href=\"https:\/\/docs.google.com\/document\/d\/1QQKlDsLZzvCuLHEB4LN-E5gfQLnbR7JP\/edit?usp=sharing&amp;ouid=111072185883238892313&amp;rtpof=true&amp;sd=true\">Formulario para Adjuntos de Ingredientes Alimentarios\/Materia Prima.<\/a><\/li>\n<li><a href=\"https:\/\/docs.google.com\/document\/d\/15JQ4s4x_h6fMPyKo6QvptB2m15-EIDvM\/edit?usp=sharing&amp;ouid=111072185883238892313&amp;rtpof=true&amp;sd=true\">Formulario Inscripci\u00f3n Ingredientes y materia prima vigente (Res. S.G. N\u00aa 336\/2020).<\/a><\/li>\n<li><a href=\"https:\/\/drive.google.com\/file\/d\/1ATyhjsRK9JqDiQD38a7B1KbC9leDgt9q\/view?usp=sharing\">Formulario para Solicitud de Acta de Retenci\u00f3n.<\/a><\/li>\n<li><a href=\"https:\/\/docs.google.com\/document\/d\/1w3kDzn4aMbhYdP1gi1QXu8fTyITCbq66\/edit?usp=sharing&amp;ouid=111072185883238892313&amp;rtpof=true&amp;sd=true\">Modelo de nota de justificaci\u00f3n y compromiso.<\/a><\/li>\n<li><a href=\"https:\/\/drive.google.com\/file\/d\/1RaOSyfhM7pq4zm8ivIUTMxkzALL-jGMa\/view?usp=sharing\">Tabla de tiempos establecidos para el tr\u00e1mite de Registro Sanitario de Producto Alimenticio -R.S.P.A. V04.<\/a><\/li>\n<li><a href=\"https:\/\/docs.google.com\/document\/d\/1qUbddJB06vMOCj8-hd0iFrVV0LVNfVlo\/edit?usp=sharing&amp;ouid=111072185883238892313&amp;rtpof=true&amp;sd=true\">Anexo VIII. Formulario Inscripci\u00f3n Sanitaria de Ingredientes Alimentarios (Res. S. G. N\u00aa 599\/2014) .<\/a><\/li>\n<li><a href=\"https:\/\/docs.google.com\/spreadsheets\/d\/1HIHllnXRU6yNe_P9kEPpgZDYb1rJQXAA\/edit?usp=sharing&amp;ouid=111072185883238892313&amp;rtpof=true&amp;sd=true\">Solicitud de autorizaci\u00f3n y licencia de importaci\u00f3n. Planilla descriptiva con los datos de importaci\u00f3n.<\/a><\/li>\n<\/ul>\n<h5><strong>Evaluaci\u00f3n de Expedientes<\/strong><\/h5>\n<ul>\n<li><a href=\"https:\/\/docs.google.com\/document\/d\/1y4E2mb3W137-AtTo1Ye0aoeRCNeagzzv\/edit?usp=sharing&amp;ouid=111072185883238892313&amp;rtpof=true&amp;sd=true\">Formulario Consulta para Evaluaci\u00f3n Legal de Expedientes. 2018.<\/a><\/li>\n<\/ul>\n<h5><strong>Material Informativo<\/strong><\/h5>\n<ul>\n<li><a href=\"https:\/\/drive.google.com\/file\/d\/1gVn6H5G9ErolXEQs_q76GO7xhs9CJIxD\/view?usp=sharing\">Informativo B\u00e1sico sobre el Registro de Establecimientos de Alimentos R.E. y el Registro Sanitario de Producto Alimenticio R.S.P.A.<\/a><\/li>\n<\/ul>\n","protected":false},"excerpt":{"rendered":"<p>Formularios Tr\u00e1mites RSPA Solicitud para Autorizaci\u00f3n de Productos Alimentarios No Comercializables por Categor\u00edas de Productos. Formulario para Adjuntos de Ingredientes Alimentarios\/Materia Prima. Formulario Inscripci\u00f3n Ingredientes y materia prima vigente (Res. S.G. N\u00aa 336\/2020). Formulario para Solicitud de Acta de Retenci\u00f3n. Modelo de nota de justificaci\u00f3n y compromiso. Tabla de tiempos establecidos para el tr\u00e1mite de &hellip; <\/p>\n<p><a class=\"more-link btn\" href=\"https:\/\/www.inan.gov.py\/site\/?page_id=183\">Seguir leyendo<\/a><\/p>\n","protected":false},"author":2,"featured_media":0,"parent":0,"menu_order":0,"comment_status":"closed","ping_status":"closed","template":"","meta":{"footnotes":""},"class_list":["post-183","page","type-page","status-publish","hentry","nodate","item-wrap"],"_links":{"self":[{"href":"https:\/\/www.inan.gov.py\/site\/index.php?rest_route=\/wp\/v2\/pages\/183","targetHints":{"allow":["GET"]}}],"collection":[{"href":"https:\/\/www.inan.gov.py\/site\/index.php?rest_route=\/wp\/v2\/pages"}],"about":[{"href":"https:\/\/www.inan.gov.py\/site\/index.php?rest_route=\/wp\/v2\/types\/page"}],"author":[{"embeddable":true,"href":"https:\/\/www.inan.gov.py\/site\/index.php?rest_route=\/wp\/v2\/users\/2"}],"replies":[{"embeddable":true,"href":"https:\/\/www.inan.gov.py\/site\/index.php?rest_route=%2Fwp%2Fv2%2Fcomments&post=183"}],"version-history":[{"count":168,"href":"https:\/\/www.inan.gov.py\/site\/index.php?rest_route=\/wp\/v2\/pages\/183\/revisions"}],"predecessor-version":[{"id":10875,"href":"https:\/\/www.inan.gov.py\/site\/index.php?rest_route=\/wp\/v2\/pages\/183\/revisions\/10875"}],"wp:attachment":[{"href":"https:\/\/www.inan.gov.py\/site\/index.php?rest_route=%2Fwp%2Fv2%2Fmedia&parent=183"}],"curies":[{"name":"wp","href":"https:\/\/api.w.org\/{rel}","templated":true}]}}