{"id":214,"date":"2016-06-02T19:36:13","date_gmt":"2016-06-02T19:36:13","guid":{"rendered":"http:\/\/www.inan.gov.py\/site\/?page_id=214"},"modified":"2024-06-19T14:41:50","modified_gmt":"2024-06-19T14:41:50","slug":"tramites-bpm","status":"publish","type":"page","link":"https:\/\/www.inan.gov.py\/site\/?page_id=214","title":{"rendered":"Tr\u00e1mites de Solicitud de Certificado de Cumplimiento de BPM o BPA"},"content":{"rendered":"<h5><strong>Formularios y Solicitudes BPM<\/strong><\/h5>\n<ul>\n<li><a href=\"https:\/\/drive.google.com\/file\/d\/1telXSZk-eI32IqQRazfYqHwwLGl5W_Bx\/view?usp=sharing\">Procedimiento\u00a0 interno para la emisi\u00f3n del Certificado de Cumplimiento de Buenas Pr\u00e1cticas de Manufactura (CCBPM) y del Certificado de Cumplimiento de Buenas Pr\u00e1cticas de Almacenamiento (CCBPA).<\/a><\/li>\n<li><a href=\"https:\/\/docs.google.com\/document\/d\/1rYKmG8Y7qzNc6D_aJd-FnnLIXWo-hOIPHkVLVg7gkyw\/edit?usp=sharing\">Nota de Solicitud de Certificado de Cumplimiento de Buenas Pr\u00e1cticas de Manufactura\/Almacenamiento OI-58-F-V08 vigencia 18\/04\/23.<\/a><\/li>\n<\/ul>\n<p>&nbsp;<\/p>\n<h5><strong>Documentos t\u00e9cnicos<\/strong><\/h5>\n<ul>\n<li><a href=\"https:\/\/docs.google.com\/document\/d\/1PK3f6gJa25ZdHwuQ8Ydt-hcr_vykUd8x\/edit?usp=sharing&amp;ouid=111072185883238892313&amp;rtpof=true&amp;sd=true\">Lista de Chequeo de Cumplimiento de Buenas Pr\u00e1cticas de Manufactura para Establecimientos de Alimentos Procesados OI-97-F-V04 vigencia 18\/04\/23.<\/a><\/li>\n<\/ul>\n","protected":false},"excerpt":{"rendered":"<p>Formularios y Solicitudes BPM Procedimiento\u00a0 interno para la emisi\u00f3n del Certificado de Cumplimiento de Buenas Pr\u00e1cticas de Manufactura (CCBPM) y del Certificado de Cumplimiento de Buenas Pr\u00e1cticas de Almacenamiento (CCBPA). Nota de Solicitud de Certificado de Cumplimiento de Buenas Pr\u00e1cticas de Manufactura\/Almacenamiento OI-58-F-V08 vigencia 18\/04\/23. &nbsp; Documentos t\u00e9cnicos Lista de Chequeo de Cumplimiento de Buenas &hellip; <\/p>\n<p><a class=\"more-link btn\" href=\"https:\/\/www.inan.gov.py\/site\/?page_id=214\">Seguir leyendo<\/a><\/p>\n","protected":false},"author":2,"featured_media":0,"parent":0,"menu_order":0,"comment_status":"closed","ping_status":"closed","template":"","meta":{"footnotes":""},"class_list":["post-214","page","type-page","status-publish","hentry","nodate","item-wrap"],"_links":{"self":[{"href":"https:\/\/www.inan.gov.py\/site\/index.php?rest_route=\/wp\/v2\/pages\/214","targetHints":{"allow":["GET"]}}],"collection":[{"href":"https:\/\/www.inan.gov.py\/site\/index.php?rest_route=\/wp\/v2\/pages"}],"about":[{"href":"https:\/\/www.inan.gov.py\/site\/index.php?rest_route=\/wp\/v2\/types\/page"}],"author":[{"embeddable":true,"href":"https:\/\/www.inan.gov.py\/site\/index.php?rest_route=\/wp\/v2\/users\/2"}],"replies":[{"embeddable":true,"href":"https:\/\/www.inan.gov.py\/site\/index.php?rest_route=%2Fwp%2Fv2%2Fcomments&post=214"}],"version-history":[{"count":43,"href":"https:\/\/www.inan.gov.py\/site\/index.php?rest_route=\/wp\/v2\/pages\/214\/revisions"}],"predecessor-version":[{"id":8146,"href":"https:\/\/www.inan.gov.py\/site\/index.php?rest_route=\/wp\/v2\/pages\/214\/revisions\/8146"}],"wp:attachment":[{"href":"https:\/\/www.inan.gov.py\/site\/index.php?rest_route=%2Fwp%2Fv2%2Fmedia&parent=214"}],"curies":[{"name":"wp","href":"https:\/\/api.w.org\/{rel}","templated":true}]}}