{"id":2154,"date":"2019-07-19T17:03:52","date_gmt":"2019-07-19T17:03:52","guid":{"rendered":"http:\/\/www.inan.gov.py\/site\/?page_id=2154"},"modified":"2024-07-12T15:16:29","modified_gmt":"2024-07-12T15:16:29","slug":"servicios-del-laboratorio-de-alimentos","status":"publish","type":"page","link":"https:\/\/www.inan.gov.py\/site\/?page_id=2154","title":{"rendered":"Servicios del Laboratorio de Alimentos"},"content":{"rendered":"<p>La P\u00e1gina se encuentra actualmente en proceso de construcci\u00f3n.<\/p>\n<p>Ante cualquier consulta, llamar al (595-21) 294 073 Interno 522 Secretar\u00eda de Laboratorio de Alimentos INAN.<\/p>\n","protected":false},"excerpt":{"rendered":"<p>La P\u00e1gina se encuentra actualmente en proceso de construcci\u00f3n. Ante cualquier consulta, llamar al (595-21) 294 073 Interno 522 Secretar\u00eda de Laboratorio de Alimentos INAN.<\/p>\n","protected":false},"author":2,"featured_media":0,"parent":0,"menu_order":0,"comment_status":"closed","ping_status":"closed","template":"","meta":{"footnotes":""},"class_list":["post-2154","page","type-page","status-publish","hentry","nodate","item-wrap"],"_links":{"self":[{"href":"https:\/\/www.inan.gov.py\/site\/index.php?rest_route=\/wp\/v2\/pages\/2154","targetHints":{"allow":["GET"]}}],"collection":[{"href":"https:\/\/www.inan.gov.py\/site\/index.php?rest_route=\/wp\/v2\/pages"}],"about":[{"href":"https:\/\/www.inan.gov.py\/site\/index.php?rest_route=\/wp\/v2\/types\/page"}],"author":[{"embeddable":true,"href":"https:\/\/www.inan.gov.py\/site\/index.php?rest_route=\/wp\/v2\/users\/2"}],"replies":[{"embeddable":true,"href":"https:\/\/www.inan.gov.py\/site\/index.php?rest_route=%2Fwp%2Fv2%2Fcomments&post=2154"}],"version-history":[{"count":3,"href":"https:\/\/www.inan.gov.py\/site\/index.php?rest_route=\/wp\/v2\/pages\/2154\/revisions"}],"predecessor-version":[{"id":2157,"href":"https:\/\/www.inan.gov.py\/site\/index.php?rest_route=\/wp\/v2\/pages\/2154\/revisions\/2157"}],"wp:attachment":[{"href":"https:\/\/www.inan.gov.py\/site\/index.php?rest_route=%2Fwp%2Fv2%2Fmedia&parent=2154"}],"curies":[{"name":"wp","href":"https:\/\/api.w.org\/{rel}","templated":true}]}}