{"id":235,"date":"2016-06-10T13:10:51","date_gmt":"2016-06-10T13:10:51","guid":{"rendered":"http:\/\/www.inan.gov.py\/site\/?page_id=235"},"modified":"2025-12-23T08:53:16","modified_gmt":"2025-12-23T11:53:16","slug":"moniteo-y-evaluacion-nutricional","status":"publish","type":"page","link":"https:\/\/www.inan.gov.py\/site\/?page_id=235","title":{"rendered":"Monitoreo y Evaluaci\u00f3n Nutricional-SISVAN"},"content":{"rendered":"<p><a href=\"https:\/\/drive.google.com\/file\/d\/1ew-7ayMDiAkb6Dl0IX6ZdrsSy0fMfBnR\/view?usp=sharing\"><strong>Sistema de Vigilancia Alimentaria Nutricional &#8211; SISVAN. Informaciones Generales\u00a0<\/strong><\/a><\/p>\n<p><strong>Datos de situaci\u00f3n nutricional-SISVAN<\/strong><\/p>\n<ul>\n<li><a href=\"https:\/\/drive.google.com\/file\/d\/1pvy6qVOk21orNUTpa7lNeuo2Ls7tmn9b\/view?usp=sharing\">Situaci\u00f3n nutricional de ni\u00f1os y ni\u00f1as menores de 5 a\u00f1os que asisten a los Servicios de Salud. A\u00f1os 2001 a 2020.<\/a><\/li>\n<li><a href=\"https:\/\/drive.google.com\/file\/d\/11D54NVLkBAvPofggo1JweJt2OWTbF5xr\/view?usp=sharing\">Situaci\u00f3n nutricional de ni\u00f1os y ni\u00f1as menores de 5 a\u00f1os que asisten a los Servicios de Salud. A\u00f1os 2021 a 2023.<\/a><\/li>\n<li><a href=\"https:\/\/drive.google.com\/file\/d\/1SIPEMJWfQyBKwxVuSfcp1PpAvJCQ11De\/view?usp=sharing\">Situaci\u00f3n Nutricional de Ni\u00f1os y Ni\u00f1as Menores de 5 a\u00f1os que asisten a\u00a0 Servicios de Salud P\u00fablicos. 2021-2024.<\/a><\/li>\n<li><a href=\"https:\/\/drive.google.com\/file\/d\/1dtByxpmlDAfa-FDmlb7E7HccQ2bz_7Yy\/view?usp=sharing\">Situaci\u00f3n Nutricional de mujeres embarazadas que asisten a Servicios de Salud P\u00fablica. A\u00f1o 2000 a 2020.<\/a><\/li>\n<li><a href=\"https:\/\/drive.google.com\/file\/d\/1I3LV3oUXi1cQtkhrUMKtJhNqpw7Ygj3n\/view?usp=sharing\">Situaci\u00f3n Nutricional de mujeres embarazadas que asisten a Servicios de Salud P\u00fablica. A\u00f1o 2021 a 2023.<\/a><\/li>\n<li><a href=\"https:\/\/drive.google.com\/file\/d\/1zJYVGLWoGWogZmZkhaXEbHosnqIQBowE\/view?usp=sharing\">Situaci\u00f3n Nutricional de mujeres embarazadas que asisten a Servicios de Salud P\u00fablica. 2021-2024.<\/a><\/li>\n<li><a href=\"https:\/\/drive.google.com\/file\/d\/1GNbgmdpBxQygTDxDxXqe5lxop4QAuQ_q\/view?usp=sharing\">Situaci\u00f3n nutricional de escolares y adolescentes que asisten a Instituciones Educativas. A\u00f1os 2007 a 2024.<\/a><\/li>\n<\/ul>\n<p><strong>Mapas de situaci\u00f3n nutricional-SISVAN<\/strong><\/p>\n<ul>\n<li style=\"list-style-type: none;\">\n<ul>\n<li><a href=\"https:\/\/docs.google.com\/presentation\/d\/1DB9ElPxPR-xZkv3FtETniV1l4-YdM5TQ\/edit?usp=sharing&amp;ouid=111072185883238892313&amp;rtpof=true&amp;sd=true\">Mapas Situaci\u00f3n Nutricional 2022<\/a><\/li>\n<li><a href=\"https:\/\/drive.google.com\/file\/d\/1vT2RH_pPLSlIOP3pNIeAcHUC7NOj5Ttr\/view?usp=sharing\">Mapas Situaci\u00f3n Nutricional 2021.<\/a><\/li>\n<li><a href=\"https:\/\/drive.google.com\/file\/d\/1-0zMaO5VVnWnJbNuObHA2jKhKt30pqWF\/view?usp=sharing\">Mapas Situaci\u00f3n Nutricional 2020.<\/a><\/li>\n<li><a href=\"https:\/\/drive.google.com\/file\/d\/1ZPzU1UI2Ys4F-xE3AWWbuUUaJN8y3pvU\/view?usp=sharing\">Mapas Situaci\u00f3n Nutricional 2019.<\/a><\/li>\n<li><a href=\"https:\/\/drive.google.com\/file\/d\/1u2VVY4N1ZoxQmxlRN5gF6Z-lUBE9iPGU\/view?usp=sharing\">Mapas Situaci\u00f3n Nutricional 2018.<\/a><\/li>\n<\/ul>\n<\/li>\n<\/ul>\n<p>&nbsp;<\/p>\n<p>&nbsp;<\/p>\n<p><strong>Documentos t\u00e9cnicos<\/strong><\/p>\n<ul>\n<li><a href=\"https:\/\/drive.google.com\/file\/d\/1UT7pnoN8tX0OQ7KdNxYcCVkU3_igR4-r\/view?usp=sharing\">Perfil alimentario nutricional y pr\u00e1cticas de estilo de vida saludable en escolares y adolescentes de Paraguay A\u00f1o 2022<\/a><\/li>\n<li><a href=\"https:\/\/drive.google.com\/file\/d\/1DuEEBziE8d0fTaTbQBgv6ltsPYhouh6u\/view?usp=sharing\">Manual B\u00e1sico de Evaluaci\u00f3n Nutricional Antropom\u00e9trica<\/a><\/li>\n<li><a href=\"https:\/\/drive.google.com\/file\/d\/1NZS-u5et2SsW2fAhrrF6t6YAU3s-w_QR\/view?usp=sharing\">Material Patrones de Evaluaci\u00f3n Nutricional<\/a><\/li>\n<\/ul>\n<p>Se encuentran en el material:<\/p>\n<p>&#8211; Tabla de Indicadores de Evaluaci\u00f3n Nutricional; Gr\u00e1fico de Crecimiento para Ni\u00f1as y Ni\u00f1os prematuros.<\/p>\n<p>&#8211; Ni\u00f1as y Ni\u00f1os Menores de 2 a\u00f1os: Gr\u00e1ficos de Peso\/Edad y Longitud (Talla)\/Edad de menores de 0 a 2 a\u00f1os,<\/p>\n<p>&#8211; Gr\u00e1ficos de\u00a0 Per\u00edmetro Cef\u00e1lico de 0 a 3 a\u00f1os, Gr\u00e1fico de Peso\/Talla y Talla\/Edad de menores de 2 a 5 a\u00f1os.<\/p>\n<p>&#8211; Escolares y adolescentes: Gr\u00e1fico IMC\/Edad y Talla\/Edad de escolares y adolescentes de 5 a 19 a\u00f1os;<\/p>\n<p>&#8211; Embarazadas: Gr\u00e1fico Peso Talla Edad Gestacional de mujeres embarazadas.<\/p>\n<p>&#8211; Ni\u00f1os, Ni\u00f1as y Adolescentes con Par\u00e1lisis Cerebral Infantil (PCI): IMC\/Edad de 2 a 20 A\u00f1os Varones y Mujeres.<\/p>\n<p>&#8211; Ni\u00f1os, Ni\u00f1as y Adolescentes con S\u00edndrome Down: IMC\/Edad de 0 a 18 A\u00f1os Varones y Mujeres, Talla\/Edad de 0 a 3 a\u00f1os. Gr\u00e1ficos de Talla\/Edad para ni\u00f1os\/ni\u00f1as y adolescentes, de 3 a 18 a\u00f1os.<\/p>\n<p><strong>Procedimientos MECIP<\/strong><\/p>\n<ul>\n<li><a href=\"https:\/\/drive.google.com\/file\/d\/15tmQfozNJ9WdYX38fC9Fbq4rBiE3lNg7\/view?usp=sharing\">Supervisiones a los servicios de salud que implementan las estrategias y los programas de nutrici\u00f3n. PRO-SGC-28-V02<\/a><\/li>\n<li><a href=\"https:\/\/drive.google.com\/file\/d\/1EJQ5xLbV4rARagq1vmjhohOZFRmX0OoK\/view?usp=sharing\">Capacitaci\u00f3n a personal y\/o profesional de la salud. SA-02-PG-V00<\/a><\/li>\n<\/ul>\n","protected":false},"excerpt":{"rendered":"<p>Sistema de Vigilancia Alimentaria Nutricional &#8211; SISVAN. Informaciones Generales\u00a0 Datos de situaci\u00f3n nutricional-SISVAN Situaci\u00f3n nutricional de ni\u00f1os y ni\u00f1as menores de 5 a\u00f1os que asisten a los Servicios de Salud. A\u00f1os 2001 a 2020. Situaci\u00f3n nutricional de ni\u00f1os y ni\u00f1as menores de 5 a\u00f1os que asisten a los Servicios de Salud. A\u00f1os 2021 a 2023. &hellip; <\/p>\n<p><a class=\"more-link btn\" href=\"https:\/\/www.inan.gov.py\/site\/?page_id=235\">Seguir leyendo<\/a><\/p>\n","protected":false},"author":2,"featured_media":0,"parent":0,"menu_order":0,"comment_status":"closed","ping_status":"closed","template":"","meta":{"footnotes":""},"class_list":["post-235","page","type-page","status-publish","hentry","nodate","item-wrap"],"_links":{"self":[{"href":"https:\/\/www.inan.gov.py\/site\/index.php?rest_route=\/wp\/v2\/pages\/235","targetHints":{"allow":["GET"]}}],"collection":[{"href":"https:\/\/www.inan.gov.py\/site\/index.php?rest_route=\/wp\/v2\/pages"}],"about":[{"href":"https:\/\/www.inan.gov.py\/site\/index.php?rest_route=\/wp\/v2\/types\/page"}],"author":[{"embeddable":true,"href":"https:\/\/www.inan.gov.py\/site\/index.php?rest_route=\/wp\/v2\/users\/2"}],"replies":[{"embeddable":true,"href":"https:\/\/www.inan.gov.py\/site\/index.php?rest_route=%2Fwp%2Fv2%2Fcomments&post=235"}],"version-history":[{"count":93,"href":"https:\/\/www.inan.gov.py\/site\/index.php?rest_route=\/wp\/v2\/pages\/235\/revisions"}],"predecessor-version":[{"id":12939,"href":"https:\/\/www.inan.gov.py\/site\/index.php?rest_route=\/wp\/v2\/pages\/235\/revisions\/12939"}],"wp:attachment":[{"href":"https:\/\/www.inan.gov.py\/site\/index.php?rest_route=%2Fwp%2Fv2%2Fmedia&parent=235"}],"curies":[{"name":"wp","href":"https:\/\/api.w.org\/{rel}","templated":true}]}}