{"id":2459,"date":"2019-10-09T15:56:12","date_gmt":"2019-10-09T15:56:12","guid":{"rendered":"http:\/\/www.inan.gov.py\/site\/?page_id=2459"},"modified":"2023-08-09T19:04:13","modified_gmt":"2023-08-09T19:04:13","slug":"registro-sanitario-de-productos-artesanales-r-e-y-r-s-p-a","status":"publish","type":"page","link":"https:\/\/www.inan.gov.py\/site\/?page_id=2459","title":{"rendered":"Registro Sanitario de Productos Artesanales. R.E. y R.S.P.A."},"content":{"rendered":"<p><strong>\u00bfQue es el Registro de Establecimiento &#8211; R.E.?<\/strong><\/p>\n<p>El Registro de Establecimientos R.E. es la autorizaci\u00f3n sanitaria otorgada a una empresa, sea esta una persona f\u00edsica o jur\u00eddica, para un establecimiento alimentario, previo cumplimiento de las condiciones higi\u00e9nicos-sanitarias vigentes. Es obligatorio previo al inicio de sus actividades.<\/p>\n<p>&nbsp;<\/p>\n<p><strong>\u00bfCu\u00e1les son las Reglamentaciones aplicables?<\/strong><\/p>\n<ul>\n<li><a href=\"https:\/\/drive.google.com\/file\/d\/1O-4s5Xpni2dp5V6Ud7FhC6SUzKpwbLRk\/view?usp=sharing\"><strong>Resoluci\u00f3n S.G. N\u00aa\u00a0<\/strong><b>640\/2019<\/b><\/a>. Por la cual se amplia la Resoluci\u00f3n S.G. Nro. 154, de fecha 07 de Abril de 2015, \u00abPor la cual se establece un r\u00e9gimen especial destinado a las Microempresas (MIE) elaboradoras o fraccionadoras de alimentos para la obtenci\u00f3n de Registro de Establecimiento y Registro Sanitario de Productos Alimenticios y Aditivos Alimentarios para el consumo humano\u00bb.<\/li>\n<li><strong><a href=\"https:\/\/drive.google.com\/file\/d\/1bj_g1-EYRD1rgjJIwhr4z-CZmmy2G0UT\/view?usp=sharing\">Resoluci\u00f3n S.G. N\u00b0 213\/2019.<\/a>\u00a0<\/strong>Por la cual se establecen las condiciones y requisitos para la habilitaci\u00f3n y otorgamiento del registro a establecimientos de alimentos, bebidas y aditivos destinados al consumo humano y se abroga la Resoluci\u00f3n S.G. N\u00b0 578, de fecha 08 de octubre de 2018.<\/li>\n<li><strong><a href=\"https:\/\/drive.google.com\/file\/d\/1QUKOtP-gngK9kGS-PsBxPmplUQ9p1M2L\/view?usp=sharing\">Decreto N\u00b0 7634\/17 de agosto de 2017<\/a>.<\/strong>Por el cual se reglamenta el Art\u00edculo N\u00b0 162 de la Ley N\u00b0 836\/1980, C\u00f3digo Sanitario, se establecen los requisitos y las condiciones para el ejercicio de la Direcci\u00f3n T\u00e9cnica de Establecimientos de Productos Alimenticios y Servicios de Alimentaci\u00f3n, y sus obligaciones y se\u00a0abroga el Decreto N\u00b0 898 de fecha 20 de Noviembre de 2008.<\/li>\n<li><a href=\"https:\/\/drive.google.com\/file\/d\/0B0fO30Y7z_VPUk9TSlhtdVE3MFU\/view?usp=sharing\"><strong>Resoluci\u00f3n\u00a0S.G. N\u00b0 154\/2015.\u00a0<\/strong><\/a>Por la cual se establece un r\u00e9gimen especial, destinado a las Micro Empresas (MIE) elaboradoras o fraccionadoras de alimentos para la obtenci\u00f3n del registro de establecimiento y registro sanitario de productos alimenticios y aditivos alimentarios par el consumo humano.<\/li>\n<li><a href=\"https:\/\/drive.google.com\/file\/d\/0B0fO30Y7z_VPVzRUV3h1ZGdZY0k\/view?usp=sharing\"><strong>Resoluci\u00f3n S.G. N\u00b0 484\/2011.<\/strong><\/a>Por la cual se actualiza y ampl\u00eda la Tabla de Aranceles por Prestaci\u00f3n de Servicios del Instituto Nacional de Alimentaci\u00f3n y Nutrici\u00f3n -INAN, aprobada por Resoluci\u00f3n S.G. N\u00b0 47, del 14 de febrero de 2008.<\/li>\n<li><a href=\"https:\/\/drive.google.com\/file\/d\/1UkvRd9yY-wx-4pzrCoG_G48ZaNIw7rqu\/view?usp=sharing\"><strong>Resoluci\u00f3n MERCOSUR GMC\/80\/96,<\/strong><\/a>\u00abReglamento T\u00e9cnico del MERCOSUR sobre las Condiciones Higi\u00e9nico \u2013 Sanitarias y de Buenas Pr\u00e1cticas de Fabricaci\u00f3n para Establecimientos Elaboradores\/Industrializadores de Alimentos\u00bb,<u><\/u><\/li>\n<\/ul>\n<p><strong>\u00a0<\/strong><\/p>\n<p><strong>\u00bfC\u00f3mo solicito el R.E.?<\/strong><\/p>\n<p>El tr\u00e1mite se realiza ingresando en:<\/p>\n<p><strong><a href=\"http:\/\/gestion.inan.gov.py\">ACCESO SIGRA<\/a>,\u00a0<\/strong>que es el Sistema Integrado de Gesti\u00f3n de Registros y Control de Alimentos.<\/p>\n<p>&nbsp;<\/p>\n<p><strong>\u00a0<\/strong><strong>\u00bfQu\u00e9 pasos debo seguir?<\/strong><\/p>\n<ol>\n<li>Desde el ACCESO SIGRA se completan los campos requeridos que corresponden a datos del local a ser habilitado, las actividades a ser desarrolladas (Por ejemplo: elaboraci\u00f3n o fraccionado) y las categor\u00edas de alimentos (Por ejemplo: alimentos l\u00e1cteos, farin\u00e1ceos, cereales, etc.).<\/li>\n<li>Se descarga la liquidaci\u00f3n de aranceles generada seg\u00fan la informaci\u00f3n\u00a0que la empresa ha suministrado y se abona el tr\u00e1mite en Perceptor\u00eda del INAN.<\/li>\n<li>El INAN asigna una fecha para la realizaci\u00f3n de la inspecci\u00f3n sanitaria al establecimiento y una vez que se verifique el cumplimiento del\u00a0<u>Reglamento T\u00e9cnico MERCOSUR de Buenas Pr\u00e1cticas de Manufactura 80\/96<\/u><strong>,<\/strong>se emite el Certificado de R.E. con una validez de 5 (cinco) a\u00f1os.<\/li>\n<\/ol>\n<p><strong>\u00a0<\/strong><\/p>\n<p><strong>\u00bfQu\u00e9 es el Registro Sanitario de Producto Alimenticio &#8211; R.S.P.A.?<\/strong><\/p>\n<p>Es la autorizaci\u00f3n sanitaria otorgada a un producto alimenticio procesado y envasado seg\u00fan composici\u00f3n cualicuantitativa y marca comercial, previo cumplimiento de las normas t\u00e9cnicas y legales establecidas. Su obtenci\u00f3n es obligatoria previo a la comercializaci\u00f3n de un producto alimenticio.<\/p>\n<p>&nbsp;<\/p>\n<p><strong>\u00bfCu\u00e1les son las Reglamentaciones aplicables?<\/strong><\/p>\n<ul>\n<li><a href=\"https:\/\/drive.google.com\/file\/d\/11fcFVSO4ozcFImjOgN3yFZ62LGGQQxxH\/view?usp=sharing\"><strong>Resoluci\u00f3n S.G. N\u00b0 0252\/2018.<\/strong><\/a>Por la cual se abroga la Resoluci\u00f3n S.G. N\u00b0 634 de fecha 31 de Octubre de 2017, \u00abPor la cual se abroga la Resoluci\u00f3n S.G. N\u00b0 385, de fecha 19 de Mayo de 2011 y se establecen requisitos para la obtenci\u00f3n, renovaci\u00f3n, actualizaci\u00f3n, transferencia, suspensi\u00f3n y cancelaci\u00f3n de registros sanitarios de productos alimenticios, bebidas y aditivos destinados al consumo humano\u00bb y se establecen requisitos para la obtenci\u00f3n, renovaci\u00f3n, actualizaci\u00f3n, transferencia, suspensi\u00f3n y cancelaci\u00f3n de registros sanitarios de productos alimenticios, bebidas y aditivos destinados al consumo humano.<\/li>\n<li><a href=\"https:\/\/drive.google.com\/file\/d\/0B0fO30Y7z_VPVzRUV3h1ZGdZY0k\/view?usp=sharing\"><strong>Resoluci\u00f3n S.G. N\u00b0 484\/2011.<\/strong><\/a>Por la cual se actualiza y ampl\u00eda la Tabla de Aranceles por Prestaci\u00f3n de Servicios del Instituto Nacional de Alimentaci\u00f3n y Nutrici\u00f3n -INAN, aprobada por Resoluci\u00f3n S.G. N\u00b0 47, del 14 de febrero de 2008.<\/li>\n<\/ul>\n<p>&nbsp;<\/p>\n<p><strong>\u00bfC\u00f3mo solicito el R.S.P.A.?<\/strong><\/p>\n<p>El tr\u00e1mite se realiza ingresando en:<\/p>\n<p><a href=\"http:\/\/gestion.inan.gov.py\"><strong>ACCESO SIGRA<\/strong><\/a>\u00a0que es el Sistema Integrado de Gesti\u00f3n de Registros y Control de Alimentos.<\/p>\n<p>&nbsp;<\/p>\n<p><strong>\u00bfQu\u00e9 pasos debo seguir?<\/strong><\/p>\n<ol>\n<li>Desde el ACCESO SIGRA se completan los campos requeridos que corresponden a los datos del producto alimenticio que desea registrar.<\/li>\n<li>Se descarga la liquidaci\u00f3n de aranceles generada por la informaci\u00f3n\u00a0que la empresa ha suministrado y se abona el tr\u00e1mite en la Perceptor\u00eda del INAN.<\/li>\n<li>El INAN eval\u00faa la informaci\u00f3n declarada por la empresa y una vez que se verifique el cumplimiento de las reglamentaciones\u00a0se emite el Certificado de R.S.P.A.\u00a0con una validez de 5 (cinco) a\u00f1os.<\/li>\n<\/ol>\n","protected":false},"excerpt":{"rendered":"<p>\u00bfQue es el Registro de Establecimiento &#8211; R.E.? El Registro de Establecimientos R.E. es la autorizaci\u00f3n sanitaria otorgada a una empresa, sea esta una persona f\u00edsica o jur\u00eddica, para un establecimiento alimentario, previo cumplimiento de las condiciones higi\u00e9nicos-sanitarias vigentes. Es obligatorio previo al inicio de sus actividades. &nbsp; \u00bfCu\u00e1les son las Reglamentaciones aplicables? Resoluci\u00f3n S.G. &hellip; <\/p>\n<p><a class=\"more-link btn\" href=\"https:\/\/www.inan.gov.py\/site\/?page_id=2459\">Seguir leyendo<\/a><\/p>\n","protected":false},"author":2,"featured_media":0,"parent":0,"menu_order":0,"comment_status":"closed","ping_status":"closed","template":"","meta":{"footnotes":""},"class_list":["post-2459","page","type-page","status-publish","hentry","nodate","item-wrap"],"_links":{"self":[{"href":"https:\/\/www.inan.gov.py\/site\/index.php?rest_route=\/wp\/v2\/pages\/2459","targetHints":{"allow":["GET"]}}],"collection":[{"href":"https:\/\/www.inan.gov.py\/site\/index.php?rest_route=\/wp\/v2\/pages"}],"about":[{"href":"https:\/\/www.inan.gov.py\/site\/index.php?rest_route=\/wp\/v2\/types\/page"}],"author":[{"embeddable":true,"href":"https:\/\/www.inan.gov.py\/site\/index.php?rest_route=\/wp\/v2\/users\/2"}],"replies":[{"embeddable":true,"href":"https:\/\/www.inan.gov.py\/site\/index.php?rest_route=%2Fwp%2Fv2%2Fcomments&post=2459"}],"version-history":[{"count":11,"href":"https:\/\/www.inan.gov.py\/site\/index.php?rest_route=\/wp\/v2\/pages\/2459\/revisions"}],"predecessor-version":[{"id":8687,"href":"https:\/\/www.inan.gov.py\/site\/index.php?rest_route=\/wp\/v2\/pages\/2459\/revisions\/8687"}],"wp:attachment":[{"href":"https:\/\/www.inan.gov.py\/site\/index.php?rest_route=%2Fwp%2Fv2%2Fmedia&parent=2459"}],"curies":[{"name":"wp","href":"https:\/\/api.w.org\/{rel}","templated":true}]}}