{"id":2951,"date":"2020-04-03T11:00:13","date_gmt":"2020-04-03T11:00:13","guid":{"rendered":"http:\/\/www.inan.gov.py\/site\/?page_id=2951"},"modified":"2020-04-03T11:03:23","modified_gmt":"2020-04-03T11:03:23","slug":"solicitud-de-digitalizacion-de-documentos","status":"publish","type":"page","link":"https:\/\/www.inan.gov.py\/site\/?page_id=2951","title":{"rendered":"Solicitud de digitalizaci\u00f3n de documentos"},"content":{"rendered":"\n<div class=\"wpcf7 no-js\" id=\"wpcf7-f2950-o1\" lang=\"es-ES\" dir=\"ltr\" data-wpcf7-id=\"2950\">\n<div class=\"screen-reader-response\"><p role=\"status\" aria-live=\"polite\" aria-atomic=\"true\"><\/p> <ul><\/ul><\/div>\n<form action=\"\/site\/index.php?rest_route=%2Fwp%2Fv2%2Fpages%2F2951#wpcf7-f2950-o1\" method=\"post\" class=\"wpcf7-form init\" aria-label=\"Formulario de contacto\" novalidate=\"novalidate\" data-status=\"init\">\n<fieldset class=\"hidden-fields-container\"><input type=\"hidden\" name=\"_wpcf7\" value=\"2950\" \/><input type=\"hidden\" name=\"_wpcf7_version\" value=\"6.1.5\" \/><input type=\"hidden\" name=\"_wpcf7_locale\" value=\"es_ES\" \/><input type=\"hidden\" name=\"_wpcf7_unit_tag\" value=\"wpcf7-f2950-o1\" \/><input type=\"hidden\" name=\"_wpcf7_container_post\" value=\"0\" \/><input type=\"hidden\" name=\"_wpcf7_posted_data_hash\" value=\"\" \/>\n<\/fieldset>\n<p>RUC de la Empresa Solicitante (requerido)\n<\/p>\n<p><span class=\"wpcf7-form-control-wrap\" data-name=\"ruc\"><input size=\"40\" maxlength=\"12\" minlength=\"7\" class=\"wpcf7-form-control wpcf7-text wpcf7-validates-as-required\" aria-required=\"true\" aria-invalid=\"false\" value=\"0000-0\" type=\"text\" name=\"ruc\" \/><\/span>\n<\/p>\n<p>Nombre o Raz\u00f3n Social (requerido)\n<\/p>\n<p><span class=\"wpcf7-form-control-wrap\" data-name=\"nombre\"><input size=\"40\" maxlength=\"80\" minlength=\"3\" class=\"wpcf7-form-control wpcf7-text wpcf7-validates-as-required\" aria-required=\"true\" aria-invalid=\"false\" value=\"\" type=\"text\" name=\"nombre\" \/><\/span>\n<\/p>\n<p>Correo electr\u00f3nico de Usuario de Sistema (requerido)\n<\/p>\n<p><span class=\"wpcf7-form-control-wrap\" data-name=\"correo\"><input size=\"40\" maxlength=\"400\" class=\"wpcf7-form-control wpcf7-email wpcf7-validates-as-required wpcf7-text wpcf7-validates-as-email\" aria-required=\"true\" aria-invalid=\"false\" value=\"\" type=\"email\" name=\"correo\" \/><\/span>\n<\/p>\n<p>Documento Solicitado (requerido)\n<\/p>\n<p><span class=\"wpcf7-form-control-wrap\" data-name=\"documento\"><select class=\"wpcf7-form-control wpcf7-select wpcf7-validates-as-required\" aria-required=\"true\" aria-invalid=\"false\" name=\"documento\"><option value=\"\">&#8212;Por favor, elige una opci\u00f3n&#8212;<\/option><option value=\"Certificado RE\">Certificado RE<\/option><option value=\"Certificado RSPA\">Certificado RSPA<\/option><option value=\"Certificado de Libre Venta\">Certificado de Libre Venta<\/option><option value=\"Certificado BPA\">Certificado BPA<\/option><option value=\"Certificado BPM\">Certificado BPM<\/option><\/select><\/span>\n<\/p>\n<p>Nro de Registro (si corresponde, solo 1 por solicitud)\n<\/p>\n<p><span class=\"wpcf7-form-control-wrap\" data-name=\"registro\"><input size=\"40\" maxlength=\"7\" class=\"wpcf7-form-control wpcf7-text\" aria-invalid=\"false\" value=\"\" type=\"text\" name=\"registro\" \/><\/span>\n<\/p>\n<p>Sistema de iniciaci\u00f3n del Tr\u00e1mite (requerido)\n<\/p>\n<p><span class=\"wpcf7-form-control-wrap\" data-name=\"tipo_tramite\"><select class=\"wpcf7-form-control wpcf7-select wpcf7-validates-as-required\" aria-required=\"true\" aria-invalid=\"false\" name=\"tipo_tramite\"><option value=\"\">&#8212;Por favor, elige una opci\u00f3n&#8212;<\/option><option value=\"Mesa de Entrada - INAN\">Mesa de Entrada - INAN<\/option><option value=\"SIGRA - online\">SIGRA - online<\/option><\/select><\/span>\n<\/p>\n<p>Numero de Expediente (requerido)<br \/>\n(un solo expediente por solicitud)\n<\/p>\n<p><span class=\"wpcf7-form-control-wrap\" data-name=\"expediente\"><input size=\"40\" maxlength=\"10\" minlength=\"6\" class=\"wpcf7-form-control wpcf7-text wpcf7-validates-as-required\" aria-required=\"true\" aria-invalid=\"false\" value=\"0\/2020\" type=\"text\" name=\"expediente\" \/><\/span>\n<\/p>\n<p>Aclaraciones (si corresponde, sobre el expediente)\n<\/p>\n<p><span class=\"wpcf7-form-control-wrap\" data-name=\"aclaraciones\"><textarea cols=\"40\" rows=\"2\" maxlength=\"2000\" class=\"wpcf7-form-control wpcf7-textarea\" aria-invalid=\"false\" name=\"aclaraciones\">Ninguna<\/textarea><\/span>\n<\/p>\n<p>Los datos de identificaci\u00f3n del tramite como as\u00ed tambi\u00e9n la direcci\u00f3n de correo declarados en el presente formulario ser\u00e1n validados.<br \/>\nUna vez confirmados satisfactoriamente se dar\u00e1 curso a la solicitud.\n<\/p>\n<p><input class=\"wpcf7-form-control wpcf7-submit has-spinner\" type=\"submit\" value=\"Enviar\" \/>\n<\/p><div class=\"wpcf7-response-output\" aria-hidden=\"true\"><\/div>\n<\/form>\n<\/div>\n\n","protected":false},"excerpt":{"rendered":"","protected":false},"author":1,"featured_media":0,"parent":0,"menu_order":0,"comment_status":"closed","ping_status":"closed","template":"","meta":{"footnotes":""},"class_list":["post-2951","page","type-page","status-publish","hentry","nodate","item-wrap"],"_links":{"self":[{"href":"https:\/\/www.inan.gov.py\/site\/index.php?rest_route=\/wp\/v2\/pages\/2951","targetHints":{"allow":["GET"]}}],"collection":[{"href":"https:\/\/www.inan.gov.py\/site\/index.php?rest_route=\/wp\/v2\/pages"}],"about":[{"href":"https:\/\/www.inan.gov.py\/site\/index.php?rest_route=\/wp\/v2\/types\/page"}],"author":[{"embeddable":true,"href":"https:\/\/www.inan.gov.py\/site\/index.php?rest_route=\/wp\/v2\/users\/1"}],"replies":[{"embeddable":true,"href":"https:\/\/www.inan.gov.py\/site\/index.php?rest_route=%2Fwp%2Fv2%2Fcomments&post=2951"}],"version-history":[{"count":2,"href":"https:\/\/www.inan.gov.py\/site\/index.php?rest_route=\/wp\/v2\/pages\/2951\/revisions"}],"predecessor-version":[{"id":2953,"href":"https:\/\/www.inan.gov.py\/site\/index.php?rest_route=\/wp\/v2\/pages\/2951\/revisions\/2953"}],"wp:attachment":[{"href":"https:\/\/www.inan.gov.py\/site\/index.php?rest_route=%2Fwp%2Fv2%2Fmedia&parent=2951"}],"curies":[{"name":"wp","href":"https:\/\/api.w.org\/{rel}","templated":true}]}}