{"id":4569,"date":"2021-05-10T16:43:23","date_gmt":"2021-05-10T16:43:23","guid":{"rendered":"https:\/\/www.inan.gov.py\/site\/?page_id=4569"},"modified":"2022-03-17T18:01:06","modified_gmt":"2022-03-17T18:01:06","slug":"boceto-pagina-sopa-paraguaya","status":"publish","type":"page","link":"https:\/\/www.inan.gov.py\/site\/?page_id=4569","title":{"rendered":"Fomentando h\u00e1bitos de higiene y alimentaci\u00f3n saludable en nuestros ni\u00f1os"},"content":{"rendered":"<p><img loading=\"lazy\" decoding=\"async\" class=\"size-full wp-image-6038 aligncenter\" src=\"https:\/\/www.inan.gov.py\/site\/wp-content\/uploads\/2022\/03\/Recurso-7-100-2.jpg\" alt=\"\" width=\"577\" height=\"693\" srcset=\"https:\/\/www.inan.gov.py\/site\/wp-content\/uploads\/2022\/03\/Recurso-7-100-2.jpg 577w, https:\/\/www.inan.gov.py\/site\/wp-content\/uploads\/2022\/03\/Recurso-7-100-2-250x300.jpg 250w\" sizes=\"auto, (max-width: 577px) 100vw, 577px\" \/><\/p>\n<p style=\"text-align: center;\">A continuaci\u00f3n, algunas opciones para el almuerzo y la cena con la finalidad de incorporar alimentos<br \/>\nvariados y saludables en ni\u00f1as y ni\u00f1os a partir de los 6 meses de vida hasta los 2 a\u00f1os.<\/p>\n<p><img loading=\"lazy\" decoding=\"async\" class=\"alignnone size-large wp-image-6027\" src=\"https:\/\/www.inan.gov.py\/site\/wp-content\/uploads\/2022\/03\/3Recurso-2@3x-820x1024.png\" alt=\"\" width=\"750\" height=\"937\" srcset=\"https:\/\/www.inan.gov.py\/site\/wp-content\/uploads\/2022\/03\/3Recurso-2@3x-820x1024.png 820w, https:\/\/www.inan.gov.py\/site\/wp-content\/uploads\/2022\/03\/3Recurso-2@3x-240x300.png 240w, https:\/\/www.inan.gov.py\/site\/wp-content\/uploads\/2022\/03\/3Recurso-2@3x-768x959.png 768w, https:\/\/www.inan.gov.py\/site\/wp-content\/uploads\/2022\/03\/3Recurso-2@3x.png 1772w\" sizes=\"auto, (max-width: 750px) 100vw, 750px\" \/><\/p>\n","protected":false},"excerpt":{"rendered":"<p>A continuaci\u00f3n, algunas opciones para el almuerzo y la cena con la finalidad de incorporar alimentos variados y saludables en ni\u00f1as y ni\u00f1os a partir de los 6 meses de vida hasta los 2 a\u00f1os.<\/p>\n","protected":false},"author":2,"featured_media":0,"parent":0,"menu_order":0,"comment_status":"closed","ping_status":"closed","template":"","meta":{"footnotes":""},"class_list":["post-4569","page","type-page","status-publish","hentry","nodate","item-wrap"],"_links":{"self":[{"href":"https:\/\/www.inan.gov.py\/site\/index.php?rest_route=\/wp\/v2\/pages\/4569","targetHints":{"allow":["GET"]}}],"collection":[{"href":"https:\/\/www.inan.gov.py\/site\/index.php?rest_route=\/wp\/v2\/pages"}],"about":[{"href":"https:\/\/www.inan.gov.py\/site\/index.php?rest_route=\/wp\/v2\/types\/page"}],"author":[{"embeddable":true,"href":"https:\/\/www.inan.gov.py\/site\/index.php?rest_route=\/wp\/v2\/users\/2"}],"replies":[{"embeddable":true,"href":"https:\/\/www.inan.gov.py\/site\/index.php?rest_route=%2Fwp%2Fv2%2Fcomments&post=4569"}],"version-history":[{"count":7,"href":"https:\/\/www.inan.gov.py\/site\/index.php?rest_route=\/wp\/v2\/pages\/4569\/revisions"}],"predecessor-version":[{"id":6040,"href":"https:\/\/www.inan.gov.py\/site\/index.php?rest_route=\/wp\/v2\/pages\/4569\/revisions\/6040"}],"wp:attachment":[{"href":"https:\/\/www.inan.gov.py\/site\/index.php?rest_route=%2Fwp%2Fv2%2Fmedia&parent=4569"}],"curies":[{"name":"wp","href":"https:\/\/api.w.org\/{rel}","templated":true}]}}