{"id":6677,"date":"2022-07-27T13:19:03","date_gmt":"2022-07-27T13:19:03","guid":{"rendered":"https:\/\/www.inan.gov.py\/site\/?page_id=6677"},"modified":"2023-08-16T13:29:15","modified_gmt":"2023-08-16T13:29:15","slug":"procedimientos-rspa","status":"publish","type":"page","link":"https:\/\/www.inan.gov.py\/site\/?page_id=6677","title":{"rendered":"Instructivos y Procedimientos para Tr\u00e1mites de R.S.P.A."},"content":{"rendered":"<p><strong>Instructivos y Procedimientos\u00a0<\/strong><\/p>\n<ul>\n<li><a href=\"https:\/\/drive.google.com\/file\/d\/1O3rS0XLX2JBgfm6CKCWu_ntfBcub7hMj\/view?usp=sharing\">Instructivo\u00a0para la realizaci\u00f3n de la Inscripci\u00f3n de Tr\u00e1mites RSPA -SIGRA.<\/a><\/li>\n<li><a href=\"https:\/\/drive.google.com\/file\/d\/1c64NDCP4vEXD1-zJTVqzZZYvFiy8lkka\/view?usp=sharing\">Informativo B\u00e1sico sobre el Registro de Establecimientos de Alimentos R.E. y el Registro Sanitario de Producto Alimenticio R.S.P.A.<\/a><\/li>\n<li><a href=\"https:\/\/drive.google.com\/file\/d\/1wzcQOyVwV2qZTyAiVmkPq6GsByqMpaVx\/view?usp=sharing\">Procedimiento interno a ser aplicado para la emisi\u00f3n de la autorizaci\u00f3n y licencias de importaci\u00f3n de la Ventanilla \u00danica\u00a0 del Importador (VUI) PRO-SGC-26 v02.<\/a><\/li>\n<li><a href=\"https:\/\/drive.google.com\/file\/d\/1Fk0fNH-D_3awHMrBxC9ND7n8oHghZHLu\/view?usp=sharing\">Procedimiento Retenci\u00f3n de Productos. Versi\u00f3n 01.<\/a><\/li>\n<li><a href=\"https:\/\/drive.google.com\/file\/d\/1zUb57Ka1YIvH7NanjcfsTMp7KMyiZ-Ez\/view?usp=sharing\">Procedimiento interno a ser aplicado a las solicitudes de Inscripci\u00f3n, Renovaci\u00f3n y Actualizaci\u00f3n de Registro Sanitario de Producto Alimenticio (R.S.P.A.). Versi\u00f3n 08.<\/a><\/li>\n<li><a href=\"https:\/\/drive.google.com\/file\/d\/1VLvx2fPiCLuP8ODB6h_FmNYp_a0Cop64\/view?usp=sharing\">Procedimiento interno a ser aplicado a las solicitudes de Inscripci\u00f3n de Ingredientes Alimentarios y Materias Primas Versi\u00f3n 05.\u00a0<\/a><\/li>\n<li><a href=\"https:\/\/drive.google.com\/file\/d\/1rpj1oNYRz12KTUspk7YpPhJPQHkkMymO\/view?usp=sharing\">Modelo est\u00e1ndar Procedimiento Emisi\u00f3n Certificado de Libre Venta Versi\u00f3n 02.<\/a><\/li>\n<\/ul>\n","protected":false},"excerpt":{"rendered":"<p>Instructivos y Procedimientos\u00a0 Instructivo\u00a0para la realizaci\u00f3n de la Inscripci\u00f3n de Tr\u00e1mites RSPA -SIGRA. Informativo B\u00e1sico sobre el Registro de Establecimientos de Alimentos R.E. y el Registro Sanitario de Producto Alimenticio R.S.P.A. Procedimiento interno a ser aplicado para la emisi\u00f3n de la autorizaci\u00f3n y licencias de importaci\u00f3n de la Ventanilla \u00danica\u00a0 del Importador (VUI) PRO-SGC-26 v02. &hellip; <\/p>\n<p><a class=\"more-link btn\" href=\"https:\/\/www.inan.gov.py\/site\/?page_id=6677\">Seguir leyendo<\/a><\/p>\n","protected":false},"author":2,"featured_media":0,"parent":0,"menu_order":0,"comment_status":"closed","ping_status":"closed","template":"","meta":{"footnotes":""},"class_list":["post-6677","page","type-page","status-publish","hentry","nodate","item-wrap"],"_links":{"self":[{"href":"https:\/\/www.inan.gov.py\/site\/index.php?rest_route=\/wp\/v2\/pages\/6677","targetHints":{"allow":["GET"]}}],"collection":[{"href":"https:\/\/www.inan.gov.py\/site\/index.php?rest_route=\/wp\/v2\/pages"}],"about":[{"href":"https:\/\/www.inan.gov.py\/site\/index.php?rest_route=\/wp\/v2\/types\/page"}],"author":[{"embeddable":true,"href":"https:\/\/www.inan.gov.py\/site\/index.php?rest_route=\/wp\/v2\/users\/2"}],"replies":[{"embeddable":true,"href":"https:\/\/www.inan.gov.py\/site\/index.php?rest_route=%2Fwp%2Fv2%2Fcomments&post=6677"}],"version-history":[{"count":23,"href":"https:\/\/www.inan.gov.py\/site\/index.php?rest_route=\/wp\/v2\/pages\/6677\/revisions"}],"predecessor-version":[{"id":8725,"href":"https:\/\/www.inan.gov.py\/site\/index.php?rest_route=\/wp\/v2\/pages\/6677\/revisions\/8725"}],"wp:attachment":[{"href":"https:\/\/www.inan.gov.py\/site\/index.php?rest_route=%2Fwp%2Fv2%2Fmedia&parent=6677"}],"curies":[{"name":"wp","href":"https:\/\/api.w.org\/{rel}","templated":true}]}}