{"id":77,"date":"2016-05-25T17:50:47","date_gmt":"2016-05-25T17:50:47","guid":{"rendered":"http:\/\/www.inan.gov.py\/site\/?page_id=77"},"modified":"2020-11-10T15:39:35","modified_gmt":"2020-11-10T15:39:35","slug":"registro-de-alimentos","status":"publish","type":"page","link":"https:\/\/www.inan.gov.py\/site\/?page_id=77","title":{"rendered":"Registro de Productos Alimenticios"},"content":{"rendered":"<h3><strong>Descripci\u00f3n<\/strong><\/h3>\n<p>El <strong>\u00abRegistro Sanitario de Producto Alimenticio\u00bb (RSPA),<\/strong> \u00a0es un tr\u00e1mite por el cual se\u00a0autoriza la comercializaci\u00f3n de productos en el pa\u00eds, ofrecido por el<b>\u00a0Ministerio de Salud P\u00fablica y Bienestar Social<\/b>\u00a0a trav\u00e9s del <strong>Instituto Nacional de Alimentaci\u00f3n y Nutrici\u00f3n (INAN),<\/strong> en la Direcci\u00f3n de Registros y Habilitaciones Alimentarias.<\/p>\n<p>El tramite se realiza online, ingresado a la web <a href=\"http:\/\/www.inan.gov.py\/\">www.inan.gov.py<\/a> o desde www. gestion.inan.gov.py en el <strong><em>Sistema Integrado de Gesti\u00f3n de Registros y Control de Alimentos \u2013 SIGRA<\/em><\/strong><\/p>\n<ul>\n<li><strong>Tiempo de obtenci\u00f3n (aproximado):<\/strong> 37 d\u00edas.<\/li>\n<li><strong>Precio:\u00a0<\/strong>Seg\u00fan anexo, Resoluci\u00f3n de Aranceles N\u00ba 484\/2011<\/li>\n<li><strong>D\u00edas de atenci\u00f3n:\u00a0<\/strong>Lunes a Viernes. De 08:00 a 13:00 Hs.\u00a0(Horario especial por la pandemia COVID-19)<\/li>\n<li><strong>Correo del institucional:\u00a0<\/strong><a href=\"http:\/\/direccion@inan.gov.py\/\">direccion@inan.gov.py<\/a><\/li>\n<li><strong>Tel\u00e9fonos: (595-21) 294 073 \/ (595-21) 282 790 \/ (0961) 155 074<\/strong><\/li>\n<\/ul>\n","protected":false},"excerpt":{"rendered":"<p>Descripci\u00f3n El \u00abRegistro Sanitario de Producto Alimenticio\u00bb (RSPA), \u00a0es un tr\u00e1mite por el cual se\u00a0autoriza la comercializaci\u00f3n de productos en el pa\u00eds, ofrecido por el\u00a0Ministerio de Salud P\u00fablica y Bienestar Social\u00a0a trav\u00e9s del Instituto Nacional de Alimentaci\u00f3n y Nutrici\u00f3n (INAN), en la Direcci\u00f3n de Registros y Habilitaciones Alimentarias. El tramite se realiza online, ingresado a &hellip; <\/p>\n<p><a class=\"more-link btn\" href=\"https:\/\/www.inan.gov.py\/site\/?page_id=77\">Seguir leyendo<\/a><\/p>\n","protected":false},"author":2,"featured_media":0,"parent":0,"menu_order":0,"comment_status":"closed","ping_status":"closed","template":"","meta":{"footnotes":""},"class_list":["post-77","page","type-page","status-publish","hentry","nodate","item-wrap"],"_links":{"self":[{"href":"https:\/\/www.inan.gov.py\/site\/index.php?rest_route=\/wp\/v2\/pages\/77","targetHints":{"allow":["GET"]}}],"collection":[{"href":"https:\/\/www.inan.gov.py\/site\/index.php?rest_route=\/wp\/v2\/pages"}],"about":[{"href":"https:\/\/www.inan.gov.py\/site\/index.php?rest_route=\/wp\/v2\/types\/page"}],"author":[{"embeddable":true,"href":"https:\/\/www.inan.gov.py\/site\/index.php?rest_route=\/wp\/v2\/users\/2"}],"replies":[{"embeddable":true,"href":"https:\/\/www.inan.gov.py\/site\/index.php?rest_route=%2Fwp%2Fv2%2Fcomments&post=77"}],"version-history":[{"count":24,"href":"https:\/\/www.inan.gov.py\/site\/index.php?rest_route=\/wp\/v2\/pages\/77\/revisions"}],"predecessor-version":[{"id":4010,"href":"https:\/\/www.inan.gov.py\/site\/index.php?rest_route=\/wp\/v2\/pages\/77\/revisions\/4010"}],"wp:attachment":[{"href":"https:\/\/www.inan.gov.py\/site\/index.php?rest_route=%2Fwp%2Fv2%2Fmedia&parent=77"}],"curies":[{"name":"wp","href":"https:\/\/api.w.org\/{rel}","templated":true}]}}